{"id":31516,"date":"2025-06-10T12:54:16","date_gmt":"2025-06-10T12:54:16","guid":{"rendered":"https:\/\/www.hidro.ro\/?page_id=31516"},"modified":"2026-02-11T10:33:27","modified_gmt":"2026-02-11T10:33:27","slug":"evaluarea-preliminara-a-riscului-la-inundatii-rapoarte-2","status":"publish","type":"page","link":"https:\/\/www.hidro.ro\/en\/evaluarea-preliminara-a-riscului-la-inundatii-rapoarte-2\/","title":{"rendered":"Evaluarea finala a riscului la inunda\u021bii \u2013 Rapoarte finale"},"content":{"rendered":"<div class=\"wpb-content-wrapper\"><p><a href=\"https:\/\/www.hidro.ro\/wp-content\/uploads\/2026\/01\/RO1_ABA_Banat_EPRI3.pdf\" target=\"_blank\" rel=\"noopener\">Raport de evaluare preliminar\u0103 a riscului la inunda\u0163ii al ABA Banat &#8211; Ciclul III<\/a><\/p>\n<p><a href=\"https:\/\/www.hidro.ro\/wp-content\/uploads\/2026\/01\/RO2_ABA_Jiu_EPRI3.pdf\" target=\"_blank\" rel=\"noopener\">Raport de evaluare preliminar\u0103 a riscului la inunda\u0163ii al ABA Jiu &#8211; Ciclul III\u00a0<\/a><\/p>\n<p><a href=\"https:\/\/www.hidro.ro\/wp-content\/uploads\/2026\/01\/RO3_ABA_Olt_EPRI3.pdf\" target=\"_blank\" rel=\"noopener\">Raport de evaluare preliminar\u0103 a riscului la inunda\u0163ii al ABA Olt &#8211; Ciclul III<\/a><\/p>\n<p><a href=\"https:\/\/www.hidro.ro\/wp-content\/uploads\/2026\/01\/RO4_ABA_Arges_Vedea_EPRI3.pdf\" target=\"_blank\" rel=\"noopener\">Raport de evaluare preliminar\u0103 a riscului la inunda\u0163ii al ABA Arge\u015f-Vedea &#8211; Ciclul III<\/a><\/p>\n<p><a href=\"https:\/\/www.hidro.ro\/wp-content\/uploads\/2026\/01\/RO5_ABA_Buzau_Ialomita_EPRI3.pdf\" target=\"_blank\" rel=\"noopener\">Raport de evaluare preliminar\u0103 a riscului la inunda\u0163ii al ABA Buz\u0103u-Ialomi\u0163a &#8211; Ciclul III<\/a><\/p>\n<p><a href=\"https:\/\/www.hidro.ro\/wp-content\/uploads\/2026\/01\/RO7_ABA_Mures_EPRI3.pdf\" target=\"_blank\" rel=\"noopener\">Raport de evaluare preliminar\u0103 a riscului la inunda\u0163ii al ABA Dobrogea-Litoral &#8211; Ciclul III<\/a><\/p>\n<p><a href=\"https:\/\/www.hidro.ro\/wp-content\/uploads\/2026\/01\/RO6_ABA_Dobrogea_Litoral_EPRI3.pdf\" target=\"_blank\" rel=\"noopener\">Raport de evaluare preliminar\u0103 a riscului la inunda\u0163ii al ABA Mure\u015f &#8211; Ciclul III<\/a><\/p>\n<p><a href=\"https:\/\/www.hidro.ro\/wp-content\/uploads\/2026\/01\/RO8_ABA_Crisuri_EPRI3.pdf\" target=\"_blank\" rel=\"noopener\">Raport de evaluare preliminar\u0103 a riscului la inunda\u0163ii al ABA Cri\u015furi &#8211; Ciclul III<\/a><\/p>\n<p><a href=\"https:\/\/www.hidro.ro\/wp-content\/uploads\/2026\/01\/RO9_ABA_Somes_Tisa_EPRI3.pdf\" target=\"_blank\" rel=\"noopener\">Raport de evaluare preliminar\u0103 a riscului la inunda\u0163ii al ABA Some\u015f-Tisa &#8211; Ciclul III<\/a><\/p>\n<p><a href=\"https:\/\/www.hidro.ro\/wp-content\/uploads\/2026\/01\/RO10_ABA_Siret_EPRI3.pdf\" target=\"_blank\" rel=\"noopener\">Raport de evaluare preliminar\u0103 a riscului la inunda\u0163ii al ABA Siret &#8211; Ciclul III<\/a><\/p>\n<p><a href=\"https:\/\/www.hidro.ro\/wp-content\/uploads\/2026\/01\/RO11_ABA_Prut_Barlad_EPRI3.pdf\" target=\"_blank\" rel=\"noopener\">Raport de evaluare preliminar\u0103 a riscului la inunda\u0163ii al ABA Prut-B\u00e2rlad &#8211; Ciclul III<\/a><\/p>\n<p><a href=\"https:\/\/www.hidro.ro\/wp-content\/uploads\/2026\/01\/RO12_fluviul_Dunare_EPRI3.pdf\" target=\"_blank\" rel=\"noopener\">Raport de evaluare preliminar\u0103 a riscului la inunda\u0163ii al fluviului Dun\u0103rea &#8211; Ciclul III<\/a><\/p>\n<p>&nbsp;<\/p>\n<p>&nbsp;<\/p>\n<p>&nbsp;<\/p>\n<div class=\"vc_row wpb_row row top-row wpb_custom_034b39d9bc6c6b310d69e39f0ccf274f\"><div class=\"vc_column_container col-md-12\"><div class=\"wpb_wrapper vc_column-inner\">\n<div class=\"vc_grid-container-wrapper vc_clearfix vc_grid-animation-fadeIn\">\n\t<div class=\"vc_grid-container vc_clearfix wpb_content_element vc_basic_grid\" data-initial-loading-animation=\"fadeIn\" data-vc-grid-settings=\"{&quot;page_id&quot;:31516,&quot;style&quot;:&quot;all&quot;,&quot;action&quot;:&quot;vc_get_vc_grid_data&quot;,&quot;shortcode_id&quot;:&quot;1749560848301-bbd18615ff5d61692fd5276aa1624f8e-1&quot;,&quot;tag&quot;:&quot;vc_basic_grid&quot;}\" data-vc-request=\"https:\/\/www.hidro.ro\/wp-admin\/admin-ajax.php\" data-vc-post-id=\"31516\" data-vc-public-nonce=\"a9643f366e\">\n\t\t\n\t<\/div>\n<\/div><\/div><\/div><\/div>\n<\/div>","protected":false},"excerpt":{"rendered":"<p>Raport de evaluare preliminar\u0103 a riscului la inunda\u0163ii al ABA Banat &#8211; Ciclul III Raport de evaluare preliminar\u0103 a riscului la inunda\u0163ii al ABA Jiu &#8211; Ciclul III\u00a0 Raport de [&hellip;]<\/p>\n","protected":false},"author":4,"featured_media":0,"parent":0,"menu_order":0,"comment_status":"closed","ping_status":"closed","template":"","meta":{"_acf_changed":false,"_price":"","_stock":"","_tribe_ticket_header":"","_tribe_default_ticket_provider":"","_tribe_ticket_capacity":"0","_ticket_start_date":"","_ticket_end_date":"","_tribe_ticket_show_description":"","_tribe_ticket_show_not_going":false,"_tribe_ticket_use_global_stock":"","_tribe_ticket_global_stock_level":"","_global_stock_mode":"","_global_stock_cap":"","_tribe_rsvp_for_event":"","_tribe_ticket_going_count":"","_tribe_ticket_not_going_count":"","_tribe_tickets_list":"[]","_tribe_ticket_has_attendee_info_fields":false,"footnotes":"","_tec_slr_enabled":"","_tec_slr_layout":""},"class_list":["post-31516","page","type-page","status-publish","hentry"],"acf":[],"ticketed":false,"_links":{"self":[{"href":"https:\/\/www.hidro.ro\/en\/wp-json\/wp\/v2\/pages\/31516","targetHints":{"allow":["GET"]}}],"collection":[{"href":"https:\/\/www.hidro.ro\/en\/wp-json\/wp\/v2\/pages"}],"about":[{"href":"https:\/\/www.hidro.ro\/en\/wp-json\/wp\/v2\/types\/page"}],"author":[{"embeddable":true,"href":"https:\/\/www.hidro.ro\/en\/wp-json\/wp\/v2\/users\/4"}],"replies":[{"embeddable":true,"href":"https:\/\/www.hidro.ro\/en\/wp-json\/wp\/v2\/comments?post=31516"}],"version-history":[{"count":10,"href":"https:\/\/www.hidro.ro\/en\/wp-json\/wp\/v2\/pages\/31516\/revisions"}],"predecessor-version":[{"id":35009,"href":"https:\/\/www.hidro.ro\/en\/wp-json\/wp\/v2\/pages\/31516\/revisions\/35009"}],"wp:attachment":[{"href":"https:\/\/www.hidro.ro\/en\/wp-json\/wp\/v2\/media?parent=31516"}],"curies":[{"name":"wp","href":"https:\/\/api.w.org\/{rel}","templated":true}]}}