{"id":245,"date":"2021-11-09T11:13:57","date_gmt":"2021-11-09T11:13:57","guid":{"rendered":"http:\/\/82.78.133.10\/?page_id=245"},"modified":"2022-08-15T16:08:01","modified_gmt":"2022-08-15T16:08:01","slug":"proiecte-2","status":"publish","type":"page","link":"https:\/\/www.hidro.ro\/en\/proiecte-2\/","title":{"rendered":"Projects"},"content":{"rendered":"<div class=\"wpb-content-wrapper\"><div class=\"vc_row wpb_row row top-row wpb_custom_034b39d9bc6c6b310d69e39f0ccf274f\"><div class=\"vc_column_container col-md-12\"><div class=\"wpb_wrapper vc_column-inner\">\r\n\t<div class=\"wpb_text_column wpb_content_element wpb_custom_7c91d232724f73626cc933bd95b25ff0\" >\r\n\t\t<div class=\"wpb_wrapper\">\r\n\t\t\t<p>Activit\u0103\u0163ile <strong>INHGA<\/strong> sunt foarte dinamice, adaptandu-se constant la noi cerin\u0163e si ducand la acumularea unei experien\u0163e bogate de-a lungul anilor.<\/p>\n<p>Specialistii din cadrul INHGA au participat, cu expertiza lor in diferite domenii de activitate, la implementarea unui numar impresionant de <strong>proiecte diverse<\/strong>, cu <strong>tematici complexe<\/strong>, cu finantare <strong>nationala<\/strong> (<em>prin planurile de implementare a Strategiei Nationale de Cercetare-Dezvoltare-Inovare<\/em>) si <strong>internationala<\/strong> (<em>UE FP7, LIFE, Programele de Cooperare Transfrontaliera 2007-2013 Romania-Bulgaria si Romania-Ucraina-Moldova,UE&#8217;s Civil Protection Financial Instrument, Instruments for Pre-Accesion Assistance (IPA) \u2013 Twinning etc<\/em>).<\/p>\n<ul>\n<li><a href=\"\/en\/category\/proiecte\/proiecte-nationale\/\">Proiecte nationale<\/a><\/li>\n<li><a href=\"\/en\/category\/proiecte\/proiecte-internationale\/\">Proiecte internationale<\/a><\/li>\n<\/ul>\n\r\n\t\t<\/div>\r\n\t<\/div>\r\n<\/div><\/div><\/div>\n<\/div>","protected":false},"excerpt":{"rendered":"Activit\u0103\u0163ile INHGA sunt foarte dinamice, adaptandu-se constant la noi cerin\u0163e si ducand la acumularea unei experien\u0163e bogate de-a lungul anilor. Specialistii din cadrul INHGA au participat, cu expertiza lor in [...]","protected":false},"author":3,"featured_media":0,"parent":0,"menu_order":0,"comment_status":"closed","ping_status":"closed","template":"","meta":{"_acf_changed":false,"_price":"","_stock":"","_tribe_ticket_header":"","_tribe_default_ticket_provider":"","_tribe_ticket_capacity":"0","_ticket_start_date":"","_ticket_end_date":"","_tribe_ticket_show_description":"","_tribe_ticket_show_not_going":false,"_tribe_ticket_use_global_stock":"","_tribe_ticket_global_stock_level":"","_global_stock_mode":"","_global_stock_cap":"","_tribe_rsvp_for_event":"","_tribe_ticket_going_count":"","_tribe_ticket_not_going_count":"","_tribe_tickets_list":"[]","_tribe_ticket_has_attendee_info_fields":false,"footnotes":"","_tec_slr_enabled":"","_tec_slr_layout":""},"class_list":["post-245","page","type-page","status-publish","hentry"],"acf":[],"ticketed":false,"_links":{"self":[{"href":"https:\/\/www.hidro.ro\/en\/wp-json\/wp\/v2\/pages\/245","targetHints":{"allow":["GET"]}}],"collection":[{"href":"https:\/\/www.hidro.ro\/en\/wp-json\/wp\/v2\/pages"}],"about":[{"href":"https:\/\/www.hidro.ro\/en\/wp-json\/wp\/v2\/types\/page"}],"author":[{"embeddable":true,"href":"https:\/\/www.hidro.ro\/en\/wp-json\/wp\/v2\/users\/3"}],"replies":[{"embeddable":true,"href":"https:\/\/www.hidro.ro\/en\/wp-json\/wp\/v2\/comments?post=245"}],"version-history":[{"count":3,"href":"https:\/\/www.hidro.ro\/en\/wp-json\/wp\/v2\/pages\/245\/revisions"}],"predecessor-version":[{"id":11984,"href":"https:\/\/www.hidro.ro\/en\/wp-json\/wp\/v2\/pages\/245\/revisions\/11984"}],"wp:attachment":[{"href":"https:\/\/www.hidro.ro\/en\/wp-json\/wp\/v2\/media?parent=245"}],"curies":[{"name":"wp","href":"https:\/\/api.w.org\/{rel}","templated":true}]}}