{"id":239,"date":"2021-11-09T11:11:35","date_gmt":"2021-11-09T11:11:35","guid":{"rendered":"http:\/\/82.78.133.10\/?page_id=239"},"modified":"2026-03-23T08:05:09","modified_gmt":"2026-03-23T08:05:09","slug":"informatii-de-interes-general","status":"publish","type":"page","link":"https:\/\/www.hidro.ro\/en\/despre-noi\/informatii-de-interes-general\/","title":{"rendered":"Informatii de interes public conform Legii 544\/2001"},"content":{"rendered":"<div class=\"wpb-content-wrapper\"><div class=\"vc_row wpb_row row top-row wpb_custom_034b39d9bc6c6b310d69e39f0ccf274f\"><div class=\"vc_column_container col-md-12\"><div class=\"wpb_wrapper vc_column-inner\">\r\n\t<div class=\"wpb_text_column wpb_content_element wpb_custom_7c91d232724f73626cc933bd95b25ff0\" >\r\n\t\t<div class=\"wpb_wrapper\">\r\n\t\t\t<div class=\"taglib-header\">\n<h3 class=\"header-title\">Buletinul informativ (Legea 544\/2001)<\/h3>\n<\/div>\n<div class=\"asset-full-content default-asset-publisher show-asset-title\">\n<div id=\"_101_INSTANCE_r8ielxqtVbbB_539179\" class=\"asset-content\">\n<div class=\"journal-content-article\">\n<div class=\"lh-copy\" data-bolt-field=\"body\">\n<p>Conform art. 5 (2) din Legea nr. 544\/2001, autoritatile si institutiile publice au obligatia sa publice si sa actualizeze anual un buletin informativ care va cuprinde informatiile de interes public. Ne dorim ca acest buletin informativ s\u0103 constitie o surs\u0103 real\u0103 de informare pentru toate persoanele interesate.<\/p>\n<p>ART. 5 din Legea nr.544\/2001&nbsp;prevede:<br \/>\n(1) Fiecare autoritate sau institu\u0163ie public\u0103 are obliga\u0163ia s\u0103 comunice din oficiu urm\u0103toarele informa\u0163ii de interes public:<br \/>\n<a href=\"\/en\/despre-noi\/legislatie\/\">a)&nbsp;actele normative&nbsp;care reglementeaz\u0103 organizarea \u015fi func\u0163ionarea autorit\u0103\u0163ii sau institu\u0163iei publice;&nbsp;<\/a><br \/>\n<a href=\"\/en\/despre-noi\/organigrama\/\">&nbsp;b)&nbsp;structura organizatoric\u0103, atribu\u0163iile departamentelor, programul de func\u0163ionare, programul de audien\u0163e al autorit\u0103\u0163ii sau institu\u0163iei publice;&nbsp;<\/a><br \/>\n<a href=\"\/en\/despre-noi\/persoana-responsabila-cu-difuzarea-informatiilor-publice\/\">c)&nbsp;numele \u015fi prenumele persoanelor&nbsp;din conducerea autorit\u0103\u0163ii sau a institu\u0163iei publice \u015fi ale func\u0163ionarului responsabil cu difuzarea informa\u0163iilor publice;<\/a><br \/>\n<a href=\"\/en\/contact\/\">d)&nbsp;coordonatele de contact ale autorit\u0103\u0163ii sau institu\u0163iei publice, respectiv: denumirea, sediul, numerele de telefon, fax, adresa de e-mail \u015fi adresa paginii de Internet;<\/a><br \/>\n<a href=\"\/en\/despre-noi\/informatii-de-interes-general\/\">e)&nbsp;sursele financiare, bugetul \u015fi bilan\u0163ul contabil;<\/a><br \/>\n<a href=\"\/en\/despre-noi\/declaratie-de-aderare-la-strategia-nationala-anticoruptie\/\">&nbsp;f)&nbsp;programele \u015fi strategiile proprii;<\/a><br \/>\n<a href=\"\/en\/documents\/10184\/305390\/Lista+documentelor+de+interes+public.pdf\/f185f7a0-7958-42ae-bd56-f04faa2cacc9\/\" target=\"_blank\" rel=\"noopener\">g)&nbsp;lista&nbsp;cuprinz\u00e2nd documentele de interes public;<\/a><br \/>\n<a href=\"\/en\/documents\/10184\/305390\/Lista+documentelor+elaborate+in+I.N.H.G.A..pdf\/e7dcd681-ce5b-4019-94d9-3a01b18f5248\/\" target=\"_blank\" rel=\"noopener\">h)&nbsp;lista&nbsp;cuprinz\u00e2nd categoriile de documente produse \u015fi\/sau gestionate, potrivit legii;<\/a><br \/>\n<a href=\"https:\/\/www.hidro.ro\/wp-content\/uploads\/2023\/07\/Model-reclamatie-1.docx\" target=\"_blank\" rel=\"noopener\">i) modalit\u0103\u0163ile de contestare a deciziei autorit\u0103\u0163ii sau a institu\u0163iei publice \u00een situa\u0163ia \u00een care persoana se consider\u0103 v\u0103t\u0103mat\u0103 \u00een privin\u0163a dreptului de acces la informa\u0163iile de interes public solicitate.&nbsp;<\/a><\/p>\n<h4><a href=\"https:\/\/www.hidro.ro\/wp-content\/uploads\/2023\/07\/Model-formulare-cerere-1.docx\" target=\"_blank\" rel=\"noopener\">Formular pentru solicitare \u00een baza Legii nr. 544\/2001, cu modific\u0103rile \u015fi complet\u0103rile&nbsp;ulterioare<\/a><\/h4>\n<h3>Raport de evaluare a implementarii legii 544\/2001<\/h3>\n<\/div>\n<\/div>\n<\/div>\n<\/div>\n<div class=\"asset-full-content default-asset-publisher show-asset-title\">\n<div id=\"_101_INSTANCE_r8ielxqtVbbB_305412\" class=\"asset-content\">\n<div><a href=\"https:\/\/www.hidro.ro\/wp-content\/uploads\/2024\/05\/Raport-544-anul-2023.xlsx\" target=\"_blank\" rel=\"noopener\">Raport INHGA (Legea 5442001) pentru anul 2023<\/a><\/div>\n<div class=\"journal-content-article\"><a href=\"https:\/\/www.hidro.ro\/wp-content\/uploads\/2023\/05\/RAPORT-LEGEA-544-anul-2022.pdf\" target=\"_blank\" rel=\"noopener\">Raport INHGA (Legea 5442001) pentru anul 2022<\/a><\/div>\n<div><\/div>\n<\/div>\n<\/div>\n<div class=\"taglib-header\">\n<h3 class=\"header-title\">Buget din toate sursele de venit<\/h3>\n<\/div>\n<div class=\"asset-full-content default-asset-publisher show-asset-title\">\n<div id=\"_101_INSTANCE_r8ielxqtVbbB_176465\" class=\"asset-content\">\n<div class=\"journal-content-article\">\n<ul>\n<li><a href=\"https:\/\/www.hidro.ro\/wp-content\/uploads\/2023\/05\/BVC-2023.pdf\" target=\"_blank\" rel=\"noopener\">BVC INHGA 2023<\/a><\/li>\n<\/ul>\n<\/div>\n<\/div>\n<div class=\"asset-metadata\"><\/div>\n<\/div>\n<div class=\"taglib-header\">\n<h3 class=\"header-title\">Bilanturi contabile<\/h3>\n<\/div>\n<div class=\"asset-full-content default-asset-publisher show-asset-title\">\n<div id=\"_101_INSTANCE_r8ielxqtVbbB_176475\" class=\"asset-content\">\n<div class=\"journal-content-article\">\n<ul>\n<li><a href=\"https:\/\/www.hidro.ro\/wp-content\/uploads\/2023\/05\/Bilant-2022.pdf\" target=\"_blank\" rel=\"noopener\">Bilant 2022<\/a><\/li>\n<\/ul>\n<\/div>\n<\/div>\n<div class=\"asset-metadata\"><\/div>\n<\/div>\n<div class=\"taglib-header\">\n<h3 class=\"header-title\">Achizitii publice<\/h3>\n<\/div>\n<div class=\"asset-full-content default-asset-publisher show-asset-title\">\n<div id=\"_101_INSTANCE_r8ielxqtVbbB_176455\" class=\"asset-content\">\n<div class=\"journal-content-article\">\n<ul>\n<li><a href=\"https:\/\/www.hidro.ro\/wp-content\/uploads\/2023\/05\/Program-Achizitii-publice-2023.pdf\" target=\"_blank\" rel=\"noopener\">Program Achizitii publice 2023<\/a><\/li>\n<\/ul>\n<\/div>\n<\/div>\n<div class=\"asset-metadata\"><\/div>\n<\/div>\n<div class=\"taglib-header\">\n<h3 class=\"header-title\">Contracte<\/h3>\n<\/div>\n<ul>\n<li><a href=\"https:\/\/www.hidro.ro\/wp-content\/uploads\/2023\/05\/Contract-Medicina-Muncii.pdf\" target=\"_blank\" rel=\"noopener\">Medicina muncii<\/a><\/li>\n<li><a href=\"https:\/\/www.hidro.ro\/wp-content\/uploads\/2023\/05\/CTR-Documentatie-cadastrala-imobil-P.-Brasov.pdf\" target=\"_blank\" rel=\"noopener\">Documentatie cadastrala imobil P. Brasov<\/a><\/li>\n<li><a href=\"https:\/\/www.hidro.ro\/wp-content\/uploads\/2023\/07\/Centralizator-contracte-si-comenzi-cu-valoare-peste-5000-euro-aferente-anului-2022.xlsx\" target=\"_blank\" rel=\"noopener\">Centralizator contracte si comenzi cu valoare peste 5000 euro aferente anului 2022<\/a><\/li>\n<li><a href=\"https:\/\/www.hidro.ro\/wp-content\/uploads\/2024\/05\/Contracte-2023.xlsx\">Centralizator contracte si comenzi cu valoare peste 5000 euro aferente anului 2023<\/a><\/li>\n<\/ul>\n<h3 class=\"asset-metadata\">Lista cladirilor publice conform Ordinului M.D.R.A.P. nr.263 din 30 iunie 2015<\/h3>\n<div class=\"asset-full-content default-asset-publisher show-asset-title\">\n<div id=\"_101_INSTANCE_r8ielxqtVbbB_224147\" class=\"asset-content\">\n<div class=\"journal-content-article\">INHGA nu are in administrare cladiri cu suprafete utile cuprinse intre 250 m.p. si 500 m.p.<\/div>\n<\/div>\n<div class=\"asset-metadata\"><\/div>\n<\/div>\n<div class=\"taglib-header\">\n<h3 class=\"header-title\">Declaratii de avere si interese<\/h3>\n<\/div>\n<div class=\"asset-full-content default-asset-publisher show-asset-title\">\n<div id=\"_101_INSTANCE_r8ielxqtVbbB_176485\" class=\"asset-content\">\n<div class=\"journal-content-article\">\n<p><a href=\"https:\/\/www.hidro.ro\/en\/despre-noi\/informatii-de-interes-general\/declaratii-de-avere\/\" target=\"_blank\" rel=\"noopener\">Declaratii de avere<\/a><br \/>\n<a href=\"\/en\/despre-noi\/declaratii-de-interese\/\" target=\"_blank\" rel=\"noopener\">Declaratii de interese<\/a><\/p>\n<\/div>\n<\/div>\n<\/div>\n<div class=\"taglib-header\">\n<h3 class=\"header-title\">Altele<\/h3>\n<\/div>\n<div class=\"asset-full-content default-asset-publisher show-asset-title\">\n<div id=\"_101_INSTANCE_r8ielxqtVbbB_313945\" class=\"asset-content\">\n<div class=\"journal-content-article\"><a href=\"\/wp-content\/uploads\/2022\/08\/Situatia-drepturilor-salariale-stabilite-potrivit-legii-precum-si-alte-drepturi-prevazute-de-acte-normative.pdf\" target=\"_blank\" rel=\"noopener\">Situatia drepturilor salariale stabilite potrivit legii, precum si alte drepturi prevazute de acte normative &#8211; 042018<\/a><br \/>\n<a href=\"\/wp-content\/uploads\/2022\/08\/Situatia-drepturilor-salariale-stabilite-potrivit-legii-precum-si-alte-drepturi-prevazute-de-acte-normative-26.09.18.pdf\" target=\"_blank\" rel=\"noopener\">Situatia drepturilor salariale stabilite potrivit legii, precum si alte drepturi prevazute de acte normative &#8211; 092018<\/a><br \/>\n<a href=\"\/wp-content\/uploads\/2022\/08\/TRANSPARENTA-VENITURI-SALARIALE-MARTIE-2019.pdf\" target=\"_blank\" rel=\"noopener\">Situatia drepturilor salariale stabilite potrivit legii, precum si alte drepturi prevazute de acte normative &#8211; 032019<\/a><br \/>\n<a href=\"\/wp-content\/uploads\/2022\/08\/Situatia-drepturilor-salariale-stabilite-potrivit-legii-precum-si-alte-drepturi-prevazute-de-acte-normative-09.2019.pdf\" target=\"_blank\" rel=\"noopener\">Situatia drepturilor salariale stabilite potrivit legii, precum si alte drepturi prevazute de acte normative &#8211; 092019<\/a><br \/>\n<a href=\"\/wp-content\/uploads\/2022\/08\/numar-posturi-ocupate-sept.-2019.pdf\" target=\"_blank\" rel=\"noopener\">Numar posturi ocupate septembrie 2019<\/a><br \/>\n<a href=\"https:\/\/www.hidro.ro\/wp-content\/uploads\/2023\/05\/Numar-posturi-ocupate-27.08.2020.pdf\" target=\"_blank\" rel=\"noopener\">Numar posturi ocupate august 2020<\/a><br \/>\n<a href=\"\/wp-content\/uploads\/2022\/08\/numar-posturi-ocupate-septembrie-2021.pdf\" target=\"_blank\" rel=\"noopener\">Numar posturi ocupate septembrie 2021<\/a><br \/>\n<a href=\"https:\/\/www.hidro.ro\/wp-content\/uploads\/2023\/05\/Numar-posturi-ocupate-septembrie-27.09.2022.pdf\" target=\"_blank\" rel=\"noopener\">Numar posturi ocupate septembrie 2022<\/a><br \/>\n<a href=\"\/wp-content\/uploads\/2022\/08\/Transparenta-venituri-salariale-martie-2021.pdf\" target=\"_blank\" rel=\"noopener\">Transparenta venituri salariale&nbsp; martie 2020<\/a><br \/>\n<a href=\"https:\/\/www.hidro.ro\/wp-content\/uploads\/2023\/05\/Transparenta-venituri-salariale-septembrie-2020.pdf\" target=\"_blank\" rel=\"noopener\">Transparenta venituri salariale septembrie 2020<\/a><br \/>\n<a href=\"\/wp-content\/uploads\/2022\/08\/Transparenta-venituri-salariale-martie-2021.pdf\" target=\"_blank\" rel=\"noopener\">Transparenta venituri salariale martie 2021<\/a><br \/>\n<a href=\"\/wp-content\/uploads\/2022\/08\/transparenta-venituri-salariale-septembrie-2021.pdf\" target=\"_blank\" rel=\"noopener\">Transparenta venituri salariale septembrie 2021<\/a><br \/>\n<a id=\"yui_patched_v3_11_0_1_1660821594352_551\" href=\"\/wp-content\/uploads\/2022\/08\/transparenta-salariala-martie-2022.pdf\" target=\"_blank\" rel=\"noopener\">Transparenta venituri salariale martie 2022<\/a><br \/>\n<a href=\"https:\/\/www.hidro.ro\/wp-content\/uploads\/2023\/03\/Transparenta-venituri-salariale-septembrie-2022.pdf\">Transparenta venituri salariale septembrie 2022<\/a><br \/>\n<a href=\"https:\/\/www.hidro.ro\/wp-content\/uploads\/2023\/03\/Transparenta-salariala-martie-2023.pdf\">Transparenta venituri salariale martie 2023<\/a><\/div>\n<div><a href=\"https:\/\/www.hidro.ro\/wp-content\/uploads\/2023\/09\/TRANSPARENTA-SALARIALA-SEPTEMBRIE-2023.pdf\">Transparenta venituri salariale septembrie 2023<\/a><\/div>\n<div><a href=\"https:\/\/www.hidro.ro\/wp-content\/uploads\/2024\/03\/transparenta-salariala-martie-2024.pdf\" target=\"_blank\" rel=\"noopener\">Transparenta venituri salariale martie 2024<\/a><\/div>\n<div><a href=\"https:\/\/www.hidro.ro\/wp-content\/uploads\/2024\/09\/Transparenta-venituri-salariale-Septembrie-2024.pdf\" target=\"_blank\" rel=\"noopener\">Transparenta venituri salariale septembrie 2024<\/a><\/div>\n<div><a href=\"https:\/\/www.hidro.ro\/wp-content\/uploads\/2025\/04\/TRANSPARENTA-SALARIALA-MARTIE-2025.pdf\" target=\"_blank\" rel=\"noopener\">Transparenta salariala martie 2025<\/a><\/div>\n<div><a href=\"https:\/\/www.hidro.ro\/wp-content\/uploads\/2025\/09\/TRANSPARENTA-SALARIALALA-SEPTEMBRIE-2025.pdf\" target=\"_blank\" rel=\"noopener\">Transparenta salariala septembrie 2025&nbsp;<\/a><\/div>\n<div><a href=\"https:\/\/www.hidro.ro\/wp-content\/uploads\/2026\/03\/TRANSPARENTA-SALARIALA-MARTIE-2026.pdf\" target=\"_blank\" rel=\"noopener\">Transparenta salariala martie 2026&nbsp;<\/a><\/div>\n<div><\/div>\n<\/div>\n<\/div>\n\r\n\t\t<\/div>\r\n\t<\/div>\r\n<\/div><\/div><\/div>\n<\/div>","protected":false},"excerpt":{"rendered":"Buletinul informativ (Legea 544\/2001) Conform art. 5 (2) din Legea nr. 544\/2001, autoritatile si institutiile publice au obligatia sa publice si sa actualizeze anual un buletin informativ care va cuprinde [...]","protected":false},"author":3,"featured_media":0,"parent":163,"menu_order":9,"comment_status":"closed","ping_status":"closed","template":"","meta":{"_acf_changed":false,"_price":"","_stock":"","_tribe_ticket_header":"","_tribe_default_ticket_provider":"","_tribe_ticket_capacity":"0","_ticket_start_date":"","_ticket_end_date":"","_tribe_ticket_show_description":"","_tribe_ticket_show_not_going":false,"_tribe_ticket_use_global_stock":"","_tribe_ticket_global_stock_level":"","_global_stock_mode":"","_global_stock_cap":"","_tribe_rsvp_for_event":"","_tribe_ticket_going_count":"","_tribe_ticket_not_going_count":"","_tribe_tickets_list":"[]","_tribe_ticket_has_attendee_info_fields":false,"footnotes":"","_tec_slr_enabled":"","_tec_slr_layout":""},"class_list":["post-239","page","type-page","status-publish","hentry"],"acf":[],"ticketed":false,"_links":{"self":[{"href":"https:\/\/www.hidro.ro\/en\/wp-json\/wp\/v2\/pages\/239","targetHints":{"allow":["GET"]}}],"collection":[{"href":"https:\/\/www.hidro.ro\/en\/wp-json\/wp\/v2\/pages"}],"about":[{"href":"https:\/\/www.hidro.ro\/en\/wp-json\/wp\/v2\/types\/page"}],"author":[{"embeddable":true,"href":"https:\/\/www.hidro.ro\/en\/wp-json\/wp\/v2\/users\/3"}],"replies":[{"embeddable":true,"href":"https:\/\/www.hidro.ro\/en\/wp-json\/wp\/v2\/comments?post=239"}],"version-history":[{"count":43,"href":"https:\/\/www.hidro.ro\/en\/wp-json\/wp\/v2\/pages\/239\/revisions"}],"predecessor-version":[{"id":35784,"href":"https:\/\/www.hidro.ro\/en\/wp-json\/wp\/v2\/pages\/239\/revisions\/35784"}],"up":[{"embeddable":true,"href":"https:\/\/www.hidro.ro\/en\/wp-json\/wp\/v2\/pages\/163"}],"wp:attachment":[{"href":"https:\/\/www.hidro.ro\/en\/wp-json\/wp\/v2\/media?parent=239"}],"curies":[{"name":"wp","href":"https:\/\/api.w.org\/{rel}","templated":true}]}}