{"id":225,"date":"2021-11-09T10:45:24","date_gmt":"2021-11-09T10:45:24","guid":{"rendered":"http:\/\/82.78.133.10\/?page_id=225"},"modified":"2021-12-18T15:51:25","modified_gmt":"2021-12-18T15:51:25","slug":"obiective","status":"publish","type":"page","link":"https:\/\/www.hidro.ro\/en\/despre-noi\/obiective\/","title":{"rendered":"Objectives"},"content":{"rendered":"<div class=\"wpb-content-wrapper\"><div class=\"vc_row wpb_row row top-row wpb_custom_034b39d9bc6c6b310d69e39f0ccf274f\"><div class=\"vc_column_container col-md-12\"><div class=\"wpb_wrapper vc_column-inner\">\r\n\t<div class=\"wpb_text_column wpb_content_element wpb_custom_7c91d232724f73626cc933bd95b25ff0\" >\r\n\t\t<div class=\"wpb_wrapper\">\r\n\t\t\t<div class=\"journal-content-article\">\n<p class=\"translation-block\">The main objective of the National Institute of Hydrology and Water Management\n(NIHWM) is to provide services in the field of hydrology and water resources\nmanagement, to support activities and decisions related to the efficient management of\nwater resources, both in situations of special hydrological events (floods, droughts), as\nwell as in normal situations, by the decision-makers in the field: the National\nAdministration \u201cRomanian Waters\u201d and the Ministry of Environment, Waters and\nForests. These are research activities and public operational services of national and\ninternational interest for:<\/p>\n<p><strong>Protection of the population and material goods<\/strong><\/p>\n<p><strong>Improving the quality of life<\/strong><\/p>\n<p><strong>Environment protection.<\/strong><\/p>\n<p class=\"translation-block\">At the same time, the National Institute of Hydrology and Water Management is\nresponsible for achieving the objectives of research and development of hydrology,\nhydrogeology and water management at the national level, for the implementation of\ninternational programs and agreements in which it is involved (WMO, PHI-UNESCO,\nMAB -UNESCO, EU, etc.), exchange of data, information and hydrological forecasts,\nimplementation of hydrological products in the activity of water management, and\nprotection of life and property in case of dangerous hydrological phenomena (floods,\ndroughts, frost, etc.) , establishment and updating of the National Hydrological and\nHydrogeological Data Fund.<\/p>\n<\/div>\n\r\n\t\t<\/div>\r\n\t<\/div>\r\n<\/div><\/div><\/div>\n<\/div>","protected":false},"excerpt":{"rendered":"Principalul obiectiv\u00a0pe care il realizeaza in permanenta Institutul Na\u0163ional de Hidrologie \u015fi Gospod\u0103rire a Apelor (INHGA) este de a furniza\u00a0servicii \u00een domeniul hidrologiei \u015fi managementului resurselor de apa pentru a [...]","protected":false},"author":3,"featured_media":0,"parent":163,"menu_order":2,"comment_status":"closed","ping_status":"closed","template":"","meta":{"_acf_changed":false,"_price":"","_stock":"","_tribe_ticket_header":"","_tribe_default_ticket_provider":"","_tribe_ticket_capacity":"0","_ticket_start_date":"","_ticket_end_date":"","_tribe_ticket_show_description":"","_tribe_ticket_show_not_going":false,"_tribe_ticket_use_global_stock":"","_tribe_ticket_global_stock_level":"","_global_stock_mode":"","_global_stock_cap":"","_tribe_rsvp_for_event":"","_tribe_ticket_going_count":"","_tribe_ticket_not_going_count":"","_tribe_tickets_list":"[]","_tribe_ticket_has_attendee_info_fields":false,"footnotes":"","_tec_slr_enabled":"","_tec_slr_layout":""},"class_list":["post-225","page","type-page","status-publish","hentry"],"acf":[],"ticketed":false,"_links":{"self":[{"href":"https:\/\/www.hidro.ro\/en\/wp-json\/wp\/v2\/pages\/225","targetHints":{"allow":["GET"]}}],"collection":[{"href":"https:\/\/www.hidro.ro\/en\/wp-json\/wp\/v2\/pages"}],"about":[{"href":"https:\/\/www.hidro.ro\/en\/wp-json\/wp\/v2\/types\/page"}],"author":[{"embeddable":true,"href":"https:\/\/www.hidro.ro\/en\/wp-json\/wp\/v2\/users\/3"}],"replies":[{"embeddable":true,"href":"https:\/\/www.hidro.ro\/en\/wp-json\/wp\/v2\/comments?post=225"}],"version-history":[{"count":2,"href":"https:\/\/www.hidro.ro\/en\/wp-json\/wp\/v2\/pages\/225\/revisions"}],"predecessor-version":[{"id":1834,"href":"https:\/\/www.hidro.ro\/en\/wp-json\/wp\/v2\/pages\/225\/revisions\/1834"}],"up":[{"embeddable":true,"href":"https:\/\/www.hidro.ro\/en\/wp-json\/wp\/v2\/pages\/163"}],"wp:attachment":[{"href":"https:\/\/www.hidro.ro\/en\/wp-json\/wp\/v2\/media?parent=225"}],"curies":[{"name":"wp","href":"https:\/\/api.w.org\/{rel}","templated":true}]}}