{"id":1743,"date":"2021-12-15T17:19:28","date_gmt":"2021-12-15T17:19:28","guid":{"rendered":"http:\/\/82.78.133.10\/?page_id=1743"},"modified":"2021-12-15T17:19:29","modified_gmt":"2021-12-15T17:19:29","slug":"termeni-si-conditii-de-utilizare-a-siteului","status":"publish","type":"page","link":"https:\/\/www.hidro.ro\/en\/termeni-si-conditii-de-utilizare-a-siteului\/","title":{"rendered":"Termeni \u015fi condi\u0163ii de utilizare a siteului"},"content":{"rendered":"<p><strong>Acceptarea condi\u021biilor<\/strong><strong><\/strong><\/p>\n\n\n\n<p><a href=\"http:\/\/www.inhga.r\">www.inhga.r<\/a>o este domeniul oficial al <strong>Institutului Na\u021bional de Hidrologie \u0219i Gospod\u0103rire a Apelor<\/strong>, creat pentru asigurarea unei mai mari transparen\u0163e \u015fi o mai bun\u0103 \u00een\u0163elegere a activit\u0103\u0163ilor <strong>Institutului Na\u021bional de Hidrologie \u0219i Gospod\u0103rire a Apelor<\/strong>&nbsp;<\/p>\n\n\n\n<p>Utilizarea site-ului <a href=\"http:\/\/www.inhga.r\">www.inhga.r<\/a>o (denumit \u00een continuare &#8222;site&#8221;) presupune acceptarea \u00een totalitate a termenilor \u015fi condi\u0163iilor expuse mai jos.<\/p>\n\n\n\n<p>Termenii \u015fi condi\u0163iile pot fi modificate \u00een orice moment de c\u0103tre administratorul site-ului, denumit \u00een continuare &#8222;Administrator&#8221;, f\u0103r\u0103 notificarea prealabil\u0103 a persoanelor care \u00eel utilizeaz\u0103, denumite \u00een continuare &#8222;Utilizatori&#8221;.<\/p>\n\n\n\n<p>Utilizatorii vor avea acces permanent la termenii \u015fi condi\u0163iile pentru utilizarea serviciilor pentru a le putea consulta \u00een orice moment.<\/p>\n\n\n\n<p>Acces\u00e2nd \u015fi navig\u00e2nd pe acest site, Utilizatorii accept\u0103 implicit, termenii de utilizare descri\u015fi \u00een continuare.<\/p>\n\n\n\n<p>\u00cen cazul \u00een care nu sunt de acord cu termenii \u015fi condi\u0163iile impuse, Utilizatorii trebuie s\u0103 \u00eenceteze accesarea acestui serviciu.<\/p>\n\n\n\n<p><strong>Descrierea serviciilor<\/strong><strong><\/strong><\/p>\n\n\n\n<p>Prin intermediul sec\u0163iunilor sale, site-ul <a href=\"http:\/\/www.inhga.r\">www.inhga.r<\/a>o ofer\u0103 Utilizatorilor informa\u0163ii, acte normative, decizii, hot\u0103r\u00e2ri, reglement\u0103ri \u015fi \u015ftiri referitoare la autoritatea central\u0103 in domeniul cercet\u0103rii \u2013 dezvolt\u0103rii \u00een stiin\u021be fizice \u0219i naturale (servicii de cercetare \u2013 dezvoltare \u00een hidrologie, hidrogeologie\u0219i gospod\u0103rire a apelor) din Rom\u00e2nia.<\/p>\n\n\n\n<p>\u00cen cadrul domeniului <a href=\"http:\/\/www.inhga.r\">www.inhga.r<\/a>o, un serviciu electronic reprezint\u0103 o resurs\u0103 oferit\u0103 prin Internet cu scopul de a \u00eembun\u0103t\u0103\u0163i procesul de comunicare dintre cet\u0103\u0163eni \u015fi <strong>Institutul Na\u021bional de Hidrologie \u0219i Gospod\u0103rire a Apelor<\/strong>.<\/p>\n\n\n\n<p>Tipuri de servicii electronice oferite de domeniul <a href=\"http:\/\/www.inhga.r\">www.inhga.r<\/a>o:<\/p>\n\n\n\n<ul class=\"wp-block-list\"><li>servicii de informare, care asigur\u0103 cet\u0103\u0163enilor, presei sau altor factori interesa\u0163i acces u\u015for \u015fi eficient la informa\u0163ii, facilit\u00e2nd consultarea documentelor emise de c\u0103tre <strong>Institutul Na\u021bional de Hidrologie \u0219i Gospod\u0103rire a Apelor<\/strong>;<\/li><\/ul>\n\n\n\n<p><strong>Neangajarea r\u0103spunderii<\/strong><strong><\/strong><\/p>\n\n\n\n<p><strong>Institutul Na\u021bional de Hidrologie \u0219i Gospod\u0103rire a Apelor <\/strong>\u00eentre\u0163ine acest domeniu pentru a \u00eenlesni accesul public la informa\u0163ii privind activit\u0103\u0163ile sale. Administratorul depune eforturi pentru ca aceste informa\u0163ii s\u0103 fie corecte \u015fi oferite la timp. La semnalarea eventualelor erori, Administratorul va \u00eencerca \u00een cel mai scurt timp, corectarea acestora.<\/p>\n\n\n\n<p>Informa\u0163ia oferit\u0103:<\/p>\n\n\n\n<ul class=\"wp-block-list\"><li>este exclusiv de natur\u0103 general\u0103;<\/li><li>nu este \u00een mod obligatoriu atotcuprinz\u0103toare, complet\u0103, corect\u0103 sau actualizat\u0103;<\/li><li>poate con\u0163ine leg\u0103turi web spre alte site-uri asupra con\u0163inutului c\u0103rora&nbsp; <strong>Institutul Na\u021bional de Hidrologie \u0219i Gospod\u0103rire a Apelor&nbsp; <\/strong>nu de\u0163ine nici un control \u015fi pentru care nu \u00ee\u015fi asum\u0103 nici o responsabilitate.<\/li><\/ul>\n\n\n\n<p>Administratorul nu \u00ee\u015fi asum\u0103 nici o r\u0103spundere \u00een cazul \u00een care anumite informa\u0163ii sunt furnizate cu \u00eent\u00e2rziere, sunt pierdute, \u015fterse sau nu pot fi stocate pe serverele noastre din orice motive.<\/p>\n\n\n\n<p>De asemenea, nu \u00ee\u015fi asum\u0103 nici o r\u0103spundere pentru consecin\u0163ele care pot ap\u0103rea datorit\u0103 \u00eent\u00e2rzierii, pierderii sau inexactit\u0103\u0163ii informa\u0163iilor publicate sau existente pe site.<\/p>\n\n\n\n<p>Utilizatorii vor folosi informa\u0163iile furnizate \u00een cadrul site-ului pe propria r\u0103spundere, iar \u00een cazul unei daune generate de utilizarea serviciilor sau informa\u0163iilor furnizate, Utilizatorii accept\u0103 ca Administratorul va fi absolvit de orice r\u0103spundere.<\/p>\n\n\n\n<p>No\u0163iunea de neangajare a r\u0103spunderii nu se r\u0103sfr\u00e2nge \u015fi asupra obliga\u0163iei Administra\u021biei Na\u021bionale Apele Rom\u00e2ne de a respecta legisla\u0163ia \u00een vigoare \u015fi nu poate exclude obliga\u0163iile Administra\u021biei Na\u021bionale Apele Rom\u00e2ne impuse de lege.<\/p>\n\n\n\n<p><strong>Reguli generale<\/strong><strong><\/strong><\/p>\n\n\n\n<p>Administratorul siteului declar\u0103 urm\u0103toarele:<\/p>\n\n\n\n<ul class=\"wp-block-list\"><li>va depune toate eforturile rezonabile pentru realizarea scopului site-ului;<\/li><li>va depune toate eforturile (din punct de vedere tehnic sau de alt\u0103 natur\u0103) pentru func\u0163ionarea \u00een bune condi\u0163ii a site-ului; cu toate acestea, pot exista \u00eentreruperi \u00een func\u0163ionare, sau imposibilit\u0103\u0163i de accesare de c\u0103tre Utilizatori, pe o perioad\u0103 nedeterminat\u0103 de timp, din orice motive;<\/li><li>pe m\u0103sura apari\u0163iei unor situa\u0163ii noi de orice natur\u0103 ce impun acest lucru, Administratorul poate modifica condi\u0163iile \u015fi termenii de utilizare.<\/li><\/ul>","protected":false},"excerpt":{"rendered":"<p>Acceptarea condi\u021biilor www.inhga.ro este domeniul oficial al Institutului Na\u021bional de Hidrologie \u0219i Gospod\u0103rire a Apelor, creat pentru asigurarea unei mai mari transparen\u0163e \u015fi o mai bun\u0103 \u00een\u0163elegere a activit\u0103\u0163ilor Institutului [&hellip;]<\/p>\n","protected":false},"author":3,"featured_media":0,"parent":0,"menu_order":0,"comment_status":"closed","ping_status":"closed","template":"","meta":{"_acf_changed":false,"_price":"","_stock":"","_tribe_ticket_header":"","_tribe_default_ticket_provider":"","_tribe_ticket_capacity":"0","_ticket_start_date":"","_ticket_end_date":"","_tribe_ticket_show_description":"","_tribe_ticket_show_not_going":false,"_tribe_ticket_use_global_stock":"","_tribe_ticket_global_stock_level":"","_global_stock_mode":"","_global_stock_cap":"","_tribe_rsvp_for_event":"","_tribe_ticket_going_count":"","_tribe_ticket_not_going_count":"","_tribe_tickets_list":"[]","_tribe_ticket_has_attendee_info_fields":false,"footnotes":"","_tec_slr_enabled":"","_tec_slr_layout":""},"class_list":["post-1743","page","type-page","status-publish","hentry"],"acf":[],"ticketed":false,"_links":{"self":[{"href":"https:\/\/www.hidro.ro\/en\/wp-json\/wp\/v2\/pages\/1743","targetHints":{"allow":["GET"]}}],"collection":[{"href":"https:\/\/www.hidro.ro\/en\/wp-json\/wp\/v2\/pages"}],"about":[{"href":"https:\/\/www.hidro.ro\/en\/wp-json\/wp\/v2\/types\/page"}],"author":[{"embeddable":true,"href":"https:\/\/www.hidro.ro\/en\/wp-json\/wp\/v2\/users\/3"}],"replies":[{"embeddable":true,"href":"https:\/\/www.hidro.ro\/en\/wp-json\/wp\/v2\/comments?post=1743"}],"version-history":[{"count":1,"href":"https:\/\/www.hidro.ro\/en\/wp-json\/wp\/v2\/pages\/1743\/revisions"}],"predecessor-version":[{"id":1744,"href":"https:\/\/www.hidro.ro\/en\/wp-json\/wp\/v2\/pages\/1743\/revisions\/1744"}],"wp:attachment":[{"href":"https:\/\/www.hidro.ro\/en\/wp-json\/wp\/v2\/media?parent=1743"}],"curies":[{"name":"wp","href":"https:\/\/api.w.org\/{rel}","templated":true}]}}