{"id":1741,"date":"2021-12-15T17:16:51","date_gmt":"2021-12-15T17:16:51","guid":{"rendered":"http:\/\/82.78.133.10\/?page_id=1741"},"modified":"2021-12-15T17:16:51","modified_gmt":"2021-12-15T17:16:51","slug":"politica-de-cookie-uri","status":"publish","type":"page","link":"https:\/\/www.hidro.ro\/en\/politica-de-cookie-uri\/","title":{"rendered":"Politica de cookie-uri"},"content":{"rendered":"<p>Prezenta Politic\u0103 referitoare la cookie-uri se aplica tuturor utilizatorilor <a href=\"http:\/\/www.inhga.ro\">www.inhga.ro<\/a>.<\/p>\n\n\n\n<p>Aceasta poate fi actualizata periodic, pe m\u0103sur\u0103 ce activitatea \u0219i serviciile prestate pentru tine se extind sau se modific\u0103 sau atunci c\u00e2nd noi suntem obliga\u021bi s\u0103 r\u0103spundem noilor modific\u0103ri legislative. Vom afi\u0219a cea mai actual\u0103 versiune pe <a><\/a><a href=\"http:\/\/www.inhga.ro\">www.inhga.ro<\/a>.<\/p>\n\n\n\n<p>Orice modificare notabil\u0103 sau \u00een m\u0103sur\u0103 s\u0103 afecteze utilizarea site-ului de c\u0103tre tine \u00ee\u021bi va fi comunicat\u0103 aici \u0219i\/sau utiliz\u00e2nd datele de contact disponibile.<\/p>\n\n\n\n<p>Website-ul <a href=\"http:\/\/www.inhga.ro\">www.inhga.ro<\/a> utilizeaz\u0103 date cu caracter personal. Mai multe informa\u021bii privind prelucrarea acestora po\u021bi g\u0103si acces\u00e2nd Politica de Confiden\u021bialitate<\/p>\n\n\n\n<h1 class=\"wp-block-heading\">Informa\u021bii generale<\/h1>\n\n\n\n<p>Confiden\u021bialitatea datelor tale cu caracter personal este o preocupare importanta pentru <strong>Institutul Na\u021bional de Hidrologie \u0219i Gospod\u0103rire a Apelor<\/strong>, \u00een calitate de operator de date cu caracter personal.<\/p>\n\n\n\n<p>Acest document are rolul de a te informa \u00een mod adecvat cu privire la prelucrarea datelor tale cu caracter personal prin intermediul fi\u0219ierelor de tip cookie, \u00een contextul utiliz\u0103rii paginii de internet <a href=\"http:\/\/www.inhga.ro\">www.inhga.ro<\/a><\/p>\n\n\n\n<h1 class=\"wp-block-heading\">Despre cookie-uri<\/h1>\n\n\n\n<p>Acest site web folose\u0219te cookie-uri. Noi le folosim pentru personalizarea con\u021binutului servit, a reclamelor, pentru a oferi facilit\u0103\u021bi de integrare cu platformele de tip social media sau pentru a ne analiza traficul site-ului.<\/p>\n\n\n\n<p>Putem divulga informa\u021bii despre utilizarea site-ului nostru de c\u0103tre tine, direct partenerilor no\u0219tri de reclam\u0103 \u0219i analiz\u0103 de date de trafic, care pot, \u00een condi\u021biile propriilor politici de confiden\u021bialitate \u0219i de cookie-uri, combina aceste date cu alte informa\u021bii pe care tu le-ai furnizat direct lor sau pe care ei le-au colectat despre tine \u00een contextul altor utiliz\u0103ri a serviciilor sau produselor lor.<\/p>\n\n\n\n<p>Utilizarea acestui site de c\u0103tre tine echivaleaz\u0103 cu faptul c\u0103 \u021bi-ai dat acordul pentru utilizarea cookie-urilor, a\u0219a cum definim acest lucru \u00een prezenta politic\u0103 dar \u0219i \u00een set\u0103rile aferente din <a href=\"http:\/\/www.inhga.ro\">www.inhga.ro<\/a><\/p>\n\n\n\n<p>Cookie-urile sunt fi\u0219iere text de dimensiune redus\u0103 ce pot fi utilizate de site pentru a personaliza pe c\u00e2t posibil experien\u021ba ta de utilizator al <a href=\"http:\/\/www.inhga.ro\">www.inhga.ro<\/a>.<\/p>\n\n\n\n<p>\u00cen condi\u021biile respect\u0103rii legisla\u021biei aplicabile, putem stoca cookie-uri pe echipamentele tale, doar dac\u0103 acestea sunt strict necesare pentru func\u021bionarea site-ului. Pentru orice alt tip de cookie, trebuie s\u0103 \u00ee\u021bi solicit\u0103m consim\u021b\u0103m\u00e2ntul.<\/p>\n\n\n\n<p>Cookie-urile strict necesare ne ajut\u0103 s\u0103 \u00ee\u021bi oferim serviciile disponibile pe <a href=\"http:\/\/www.inhga.r\">www.inhga.r<\/a>o si permit utilizarea func\u021bionalit\u0103\u021bilor precum accesul securizat. Pentru ca sunt strict necesare, nu pot fi refuzate de c\u0103tre utilizator f\u0103r\u0103 a afecta utilizarea <a href=\"http:\/\/www.inhga.r\">www.inhga.r<\/a>o. Le po\u021bi oric\u00e2nd bloca sau \u0219terge din set\u0103rile browser-ului t\u0103u.<\/p>\n\n\n\n<p>Cookie-urile de performan\u021b\u0103 \u0219i func\u021bionalitate ale site-ului permit \u00eembun\u0103t\u0103\u021birea experien\u021be tale de utilizator dar sunt \u00een sine non-esen\u021biale. Totu\u0219i, f\u0103r\u0103 aceste cookie-uri anumite nu \u00ee\u021bi putem garanta anumite func\u021bionalit\u0103\u021bi.<\/p>\n\n\n\n<p>Cookie-urile de analytics sau personalizare a experien\u021bei colecteaz\u0103 informa\u021bii despre tine \u0219i o utilizeaz\u0103 fie \u00een form\u0103 agregat\u0103 pentru a ne ajuta s\u0103 \u00een\u021belegem mai bine cum este utilizat site-ul nostru sau c\u00e2t de eficiente sunt campaniile de marketing, dar \u0219i s\u0103 personaliz\u0103m site-urile \u0219i aplica\u021biile noastre.<\/p>\n\n\n\n<p>Cookie-urile de publicitate sau de targetare sunt utilizate de noi pentru a face mesajele de marketing c\u00e2t mai relevante pentru interesele tale. Ne ajut\u0103 ca reclamele pe care \u021bi le promov\u0103m s\u0103 nu fie repetitive \u0219i s\u0103 fie afi\u0219ate corect, sau selectate de noi conform intereselor tale.<\/p>\n\n\n\n<p>Site-ul &nbsp;<a href=\"http:\/\/www.inhga.r\">www.inhga.r<\/a>o folose\u0219te diferite tipuri de fi\u0219iere cookie, dintre care unele sunt plasate direct de furnizorii ter\u021bi de servicii ce apar pe site-ul nostru.<\/p>\n\n\n\n<h1 class=\"wp-block-heading\">Ce cookie-uri folosim<\/h1>\n\n\n\n<figure class=\"wp-block-table\"><table><tbody><tr><td><strong>Nume<\/strong><\/td><td><strong>Furnizor<\/strong><\/td><td><strong>Scop<\/strong><\/td><td><strong>Data expir\u0103rii<\/strong><\/td><td><strong>Tip<\/strong><\/td><\/tr><tr><td><strong><em>Strict necesare sau esen\u021biale pentru utilizarea site-ului<\/em><\/strong><\/td><\/tr><tr><td><strong>PHPSESSID<\/strong><\/td><td><a href=\"http:\/\/www.inhga.r\">www.inhga.r<\/a>o<\/td><td>P\u0103streaz\u0103 starea sesiunii utilizatorului \u00een timpul vizitei pe site.<\/td><td>Sesiune<\/td><td>HTTP<\/td><\/tr><tr><td><strong><em>Cookie-uri de performan\u021b\u0103 \u0219i func\u021bionalitate a site-ului<\/em><\/strong><\/td><\/tr><tr><td><strong>_icl_current_language<\/strong><\/td><td><a href=\"http:\/\/www.inhga.r\">www.inhga.r<\/a>o<\/td><td>Salveaza limba preferata de user.<\/td><td>1 zi<\/td><td>HTTP<\/td><\/tr><tr><td><strong><em>Cookie-uri de analytics<\/em><\/strong><\/td><\/tr><tr><td><strong>_ga<\/strong><\/td><td><a href=\"http:\/\/www.inhga.r\">www.inhga.r<\/a>o<\/td><td>\u00cenregistreaz\u0103 un identificator unic care este folosit pentru a genera date statistice despre modul \u00een care vizitatorul utilizeaz\u0103 website-ul.<\/td><td>2 ani<\/td><td>HTTP<\/td><\/tr><tr><td><strong>_gid<\/strong><\/td><td><a href=\"http:\/\/www.inhga.r\">www.inhga.r<\/a>o<\/td><td>\u00cenregistreaz\u0103 un identificator unic care este folosit pentru a genera date statistice despre modul \u00een care vizitatorul utilizeaz\u0103 website-ul.<\/td><td>1 zi<\/td><td>HTTP<\/td><\/tr><tr><td><strong>_gat<\/strong><\/td><td><a href=\"http:\/\/www.inhga.r\">www.inhga.r<\/a>o<\/td><td>Utilizat de c\u0103tre Google Analytics pentru a accelera rata cererilor pentru website.<\/td><td>1 zi<\/td><td>HTTP<\/td><\/tr><tr><td><strong>collect<\/strong><\/td><td>google-analytics.com<\/td><td>Folosit pentru a trimite date c\u0103tre Google Analytics despre dispozitivul \u0219i comportamentul vizitatorului. Urm\u0103reste vizitatorul pe dispozitive \u0219i canale de marketing.<\/td><td>Sesiune<\/td><td>Pixel<\/td><\/tr><tr><td><strong>Cookie-uri de publicitate<\/strong><\/td><\/tr><tr><td><strong>_fbp<\/strong><\/td><td><a href=\"http:\/\/www.inhga.r\">www.inhga.r<\/a>o<\/td><td>Folosit de Facebook pentru a livra o serie de reclame cu bidding in timp real de la publicitari de terta-parte.<\/td><td>3 luni<\/td><td>HTTP<\/td><\/tr><tr><td><strong>fr<\/strong><\/td><td>facebook.com<\/td><td>Folosit de Facebook pentru a livra o serie de reclame cu bidding in timp real de la publicitari de terta-parte.<\/td><td>3 luni<\/td><td>HTTP<\/td><\/tr><tr><td><strong>tr<\/strong><\/td><td>facebook.com<\/td><td>Folosit de Facebook pentru a livra o serie de reclame cu bidding in timp real de la publicitari de terta-parte..<\/td><td>Sesiune<\/td><td>Pixel<\/td><\/tr><tr><td><strong><em>Cookie-uri neclasificate<\/em><\/strong><\/td><\/tr><tr><td><strong>gantry-win-switcher<\/strong><strong><\/strong><\/td><td><a href=\"http:\/\/www.inhga.r\">www.inhga.r<\/a>o<\/td><td>&nbsp;<\/td><td>1 an<\/td><td>HTTP<\/td><\/tr><tr><td><strong>HAPPIDS<\/strong><strong><\/strong><\/td><td><a href=\"http:\/\/www.rowater.r\">www.inhga.r<\/a>o<\/td><td>&nbsp;<\/td><td>Sesiune<\/td><td>HTTP<\/td><\/tr><tr><td>&nbsp;<\/td><td>&nbsp;<\/td><td>&nbsp;<\/td><td>&nbsp;<\/td><td>&nbsp;<\/td><\/tr><\/tbody><\/table><\/figure>\n\n\n\n<h1 class=\"wp-block-heading\">Cum po\u021bi controla set\u0103rile de cookie-uri?<\/h1>\n\n\n\n<p>Ai dreptul s\u0103 decizi dac\u0103 accep\u021bi sau refuzi fi\u0219ierele de cookie.<\/p>\n\n\n\n<p>Po\u021bi s\u0103 modifici set\u0103rile tale de cookie direct din site-ul nostru, acces\u00e2nd Set\u0103rile de Privacy ale modulului de administrare a cookie-urilor accesibil la butonul Administrare Cookies.<\/p>\n\n\n\n<p>Din browser-ul t\u0103u de asemenea po\u021bi oric\u00e2nd modifica set\u0103rile de cookie-uri. Nu uita c\u0103 dezactivarea cookie-urilor \u00ee\u021bi permite s\u0103 utilizezi site-ul, \u00eens\u0103 \u00een timp ce unele op\u021biuni vor fi func\u021bionale, altele nu vor putea fi utilizate de tine a\u0219a cum au fost proiectate de noi. Po\u021bi afla din set\u0103rile fiec\u0103rui browser cum s\u0103 dezactivezi cookie-urile.<\/p>","protected":false},"excerpt":{"rendered":"<p>Prezenta Politic\u0103 referitoare la cookie-uri se aplica tuturor utilizatorilor www.inhga.ro. Aceasta poate fi actualizata periodic, pe m\u0103sur\u0103 ce activitatea \u0219i serviciile prestate pentru tine se extind sau se modific\u0103 sau [&hellip;]<\/p>\n","protected":false},"author":3,"featured_media":0,"parent":0,"menu_order":0,"comment_status":"closed","ping_status":"closed","template":"","meta":{"_acf_changed":false,"_price":"","_stock":"","_tribe_ticket_header":"","_tribe_default_ticket_provider":"","_tribe_ticket_capacity":"0","_ticket_start_date":"","_ticket_end_date":"","_tribe_ticket_show_description":"","_tribe_ticket_show_not_going":false,"_tribe_ticket_use_global_stock":"","_tribe_ticket_global_stock_level":"","_global_stock_mode":"","_global_stock_cap":"","_tribe_rsvp_for_event":"","_tribe_ticket_going_count":"","_tribe_ticket_not_going_count":"","_tribe_tickets_list":"[]","_tribe_ticket_has_attendee_info_fields":false,"footnotes":"","_tec_slr_enabled":"","_tec_slr_layout":""},"class_list":["post-1741","page","type-page","status-publish","hentry"],"acf":[],"ticketed":false,"_links":{"self":[{"href":"https:\/\/www.hidro.ro\/en\/wp-json\/wp\/v2\/pages\/1741","targetHints":{"allow":["GET"]}}],"collection":[{"href":"https:\/\/www.hidro.ro\/en\/wp-json\/wp\/v2\/pages"}],"about":[{"href":"https:\/\/www.hidro.ro\/en\/wp-json\/wp\/v2\/types\/page"}],"author":[{"embeddable":true,"href":"https:\/\/www.hidro.ro\/en\/wp-json\/wp\/v2\/users\/3"}],"replies":[{"embeddable":true,"href":"https:\/\/www.hidro.ro\/en\/wp-json\/wp\/v2\/comments?post=1741"}],"version-history":[{"count":2,"href":"https:\/\/www.hidro.ro\/en\/wp-json\/wp\/v2\/pages\/1741\/revisions"}],"predecessor-version":[{"id":1751,"href":"https:\/\/www.hidro.ro\/en\/wp-json\/wp\/v2\/pages\/1741\/revisions\/1751"}],"wp:attachment":[{"href":"https:\/\/www.hidro.ro\/en\/wp-json\/wp\/v2\/media?parent=1741"}],"curies":[{"name":"wp","href":"https:\/\/api.w.org\/{rel}","templated":true}]}}