{"id":13460,"date":"2022-12-19T16:51:23","date_gmt":"2022-12-19T16:51:23","guid":{"rendered":"http:\/\/82.78.133.10\/?page_id=13460"},"modified":"2022-12-19T16:51:23","modified_gmt":"2022-12-19T16:51:23","slug":"continutul-planurilor-de-management-al-riscului-la-inundatii","status":"publish","type":"page","link":"https:\/\/www.hidro.ro\/en\/continutul-planurilor-de-management-al-riscului-la-inundatii\/","title":{"rendered":"Con\u021binutul planurilor de management al riscului la inunda\u021bii"},"content":{"rendered":"<p class=\"western\" style=\"text-align: center;\"><span style=\"font-family: Calibri, serif;\"><span style=\"font-size: small;\"><span style=\"font-family: Arial, serif;\"><span style=\"font-size: medium;\"><b>Compara\u021bie<\/b><\/span><\/span><\/span><\/span><\/p>\n<p class=\"western\" style=\"text-align: center;\"><span style=\"font-family: Calibri, serif;\"><span style=\"font-size: small;\"><span style=\"font-family: Arial, serif;\"><span style=\"font-size: medium;\"><b>con\u021binut PLAN DE MANAGEMENT AL RISCULUI LA INUNDA\u021aII elaborat la nivelul A.B.A.<\/b><\/span><\/span><\/span><\/span><\/p>\n<p class=\"western\" style=\"text-align: center;\"><span style=\"font-family: Calibri, serif;\"><span style=\"font-size: small;\"><span style=\"font-family: Arial, serif;\"><span style=\"font-size: medium;\"><b>versus<\/b><\/span><\/span><\/span><\/span><\/p>\n<p class=\"western\" style=\"text-align: center;\"><span style=\"font-family: Calibri, serif;\"><span style=\"font-size: small;\"><span style=\"font-family: Arial, serif;\"><span style=\"font-size: medium;\"><b>con\u021binut PLAN DE MANAGEMENT AL RISCULUI LA INUNDA\u021aII conform prevederilor Directivei Inunda\u021bii<\/b><\/span><\/span><\/span><\/span><\/p>\n<table border=\"1\" width=\"100%\" cellspacing=\"0\" cellpadding=\"0\">\n<tbody>\n<tr>\n<td colspan=\"2\"><strong>CONTINUTUL PLANULUI DE MANAGEMENT AL RISCULUI LA INUNDATII<\/strong><\/td>\n<\/tr>\n<tr>\n<td width=\"50%\">\n<p align=\"center\"><strong>Cerinte conform Directivei 2007\/60\/EC (Anexa)<\/strong><\/p>\n<\/td>\n<td>\n<p align=\"center\"><strong>Cerinte P.M.R.I. \/ A.B.A. conform Metodologiei I.N.H.G.A. (enumerare capitole)<\/strong><\/p>\n<\/td>\n<\/tr>\n<tr>\n<td>&nbsp;<\/td>\n<td><strong>Prezentare general\u0103 a bazinului hidrografic<\/strong><\/p>\n<ul>\n<li>Relief; Geologie; Clim\u0103; Resursa de ap\u0103;<\/li>\n<\/ul>\n<p>Sol; Biodiversitate; Popula\u021bie, a\u0219ez\u0103ri umane; Utilizarea terenului; Activitatea economic\u0103; Infrastructur\u0103; Recreere \u0219i turism; Patrimoniu cultural<\/td>\n<\/tr>\n<tr>\n<td>\n<ul>\n<li>concluziile evalu\u0103rii preliminare a riscurilor de inunda\u021bii, astfel cum sunt solicitate \u00een capitolul II sub forma unei h\u0103r\u021bi sumare a districtului hidrografic sau a unit\u0103\u021bii de management men\u021bionate la articolul 3 alineatul (2) litera (b) care identific\u0103 zonele enumerate la articolul 5 alineatul (1), supuse prezentului plan de management al riscului de inunda\u021bii<\/li>\n<li>h\u0103r\u021bile de hazard \u0219i de risc de inunda\u021bii, astfel cum au fost preg\u0103tite \u00een temeiul capitolului III, sau cele care sunt deja existente \u00een conformitate cu articolul 13, precum \u0219i concluziile care pot fi deduse din aceste h\u0103r\u021bi<\/li>\n<\/ul>\n<\/td>\n<td><strong>Riscul la inunda\u0163ii la nivelul A.B.A.<\/strong><\/p>\n<ul>\n<li>Descrierea lucr\u0103rilor existente de protec\u0163ie \u00eempotriva inunda\u0163iilor;<\/li>\n<li>Descrierea sistemelor existente de avertizare \u015fi de r\u0103spuns la inunda\u0163ii;<\/li>\n<li>Istoricul inunda\u0163iilor \u00een bazinul hidrografic;<\/li>\n<li>Inunda\u0163ii istorice semnficative;<\/li>\n<li><strong>Zone cu risc poten\u0163ial semnificativ la inunda\u0163ii;<\/strong><\/li>\n<li><strong>H\u0103r\u0163i de hazard \u015fi H\u0103r\u0163i de risc la inunda\u0163ii;<\/strong><\/li>\n<li>Indicatori statistici<\/li>\n<\/ul>\n<\/td>\n<\/tr>\n<tr>\n<td>\n<ul>\n<li>descrierea obiectivelor corespunz\u0103toare de management al riscului de inunda\u021bii, stabilite \u00een conformitate cu articolul 7 alineatul (2)<\/li>\n<\/ul>\n<\/td>\n<td><strong>Descrierea obiectivelor de management al riscului de inunda\u021bii<\/strong><\/td>\n<\/tr>\n<tr>\n<td>\n<ul>\n<li>rezumatul \u0219i ordinea de prioritate a m\u0103surilor luate cu scopul de a realiza obiectivele respective de management al riscului de inunda\u021bii, inclusiv m\u0103surile luate \u00een conformitate cu articolul 7, precum \u0219i m\u0103surile \u00een leg\u0103tur\u0103 cu inunda\u021biile luate \u00een temeiul altor acte comunitare, inclusiv Directiva 85\/337\/CEE a Consiliului din 27 iunie 1985 privind evaluarea efectelor anumitor proiecte publice \u0219i private asupra mediului (1) \u0219i Directiva 96\/82\/CE a Consiliului din 9 decembrie 1996 privind controlul asupra riscului de accidente majore care implic\u0103 substan\u021be periculoase (2), Directiva 2001\/42\/CE a Parlamentului European \u0219i a Consiliului din 27 iunie 2001 privind evaluarea efectelor anumitor planuri \u0219i programe asupra mediului (3), precum \u0219i Directiva 2000\/60\/CE<\/li>\n<\/ul>\n<\/td>\n<td><strong>Sinteza m\u0103surilor propuse \u015fi prioritizarea acestora<\/strong><\/p>\n<ul>\n<li>Considera\u0163ii generale cu privire la propunerea de m\u0103suri pentru managementul riscului la inunda\u0163ii<\/li>\n<li>Catalog de m\u0103suri poten\u01abiale la nivel na\u01abional<\/li>\n<li>Etape parcurse \u00een definirea m\u0103surilor de management al riscului la inunda\u01abii la nivelul A.B.A<\/li>\n<\/ul>\n<\/td>\n<\/tr>\n<tr>\n<td>\n<ul>\n<li>descrierea metodologiei definite de statele membre respective, a analizei costurilor \u00een raport cu avantajele folosit\u0103 pentru evaluarea metodelor cu efecte transna\u021bionale (atunci c\u00e2nd este disponibil\u0103, pentru bazine sau subbazine hidrografice comune)<\/li>\n<\/ul>\n<\/td>\n<td><strong>Descrierea metodologiei\u00a0<\/strong><strong>de prioritizare a masurilor de management al riscului la inunda\u021bii pe baza analizei\u00a0<\/strong><strong>multi-criteriale (<\/strong><strong><em>Multi-Criterial Analysis<\/em><\/strong><strong>)<\/strong><\/td>\n<\/tr>\n<tr>\n<td>\n<ul>\n<li>descrierea ordinii de prioritate \u0219i a modului \u00een care va fi monitorizat progresul \u00een punerea \u00een aplicare a planului<\/li>\n<\/ul>\n<\/td>\n<td><strong>Descrierea modului \u00een care progresul\u00a0<\/strong><strong>implement\u0103rii m\u0103surilor va fi monitorizat<\/strong><\/td>\n<\/tr>\n<tr>\n<td>\n<ul>\n<li>rezumatul informa\u021biilor publice \u0219i al m\u0103surilor\/ac\u021biunilor de consultare luate<\/li>\n<\/ul>\n<\/td>\n<td><strong>Informarea \u0219i consultarea publicului<\/strong><\/td>\n<\/tr>\n<tr>\n<td rowspan=\"3\">\n<ul>\n<li>lista autorit\u0103\u021bilor competente \u0219i, dup\u0103 caz, o descriere a procesului de coordonare \u00een cadrul oric\u0103rui district hidrografic interna\u021bional, precum \u0219i a procesului de coordonare cu Directiva 2000\/60\/CE<\/li>\n<\/ul>\n<\/td>\n<td><strong>Lista autorit\u0103\u0163ilor competente\u00a0<\/strong><strong>\u00een implementarea \u015fi monitorizarea \/ evaluarea P.M.R.I<\/strong><\/td>\n<\/tr>\n<tr>\n<td>Descrierea procesului de coordonare \u00een D.B.H. interna\u0163ional;<\/td>\n<\/tr>\n<tr>\n<td>Descrierea procesului de coordonare cu D.C.A. (Directiva 2000\/60\/CE).<\/td>\n<\/tr>\n<\/tbody>\n<\/table>","protected":false},"excerpt":{"rendered":"<p>Compara\u021bie con\u021binut PLAN DE MANAGEMENT AL RISCULUI LA INUNDA\u021aII elaborat la nivelul A.B.A. versus con\u021binut PLAN DE MANAGEMENT AL RISCULUI LA INUNDA\u021aII conform prevederilor Directivei Inunda\u021bii CONTINUTUL PLANULUI DE MANAGEMENT [&hellip;]<\/p>\n","protected":false},"author":3,"featured_media":0,"parent":0,"menu_order":0,"comment_status":"closed","ping_status":"closed","template":"","meta":{"_acf_changed":false,"_price":"","_stock":"","_tribe_ticket_header":"","_tribe_default_ticket_provider":"","_tribe_ticket_capacity":"0","_ticket_start_date":"","_ticket_end_date":"","_tribe_ticket_show_description":"","_tribe_ticket_show_not_going":false,"_tribe_ticket_use_global_stock":"","_tribe_ticket_global_stock_level":"","_global_stock_mode":"","_global_stock_cap":"","_tribe_rsvp_for_event":"","_tribe_ticket_going_count":"","_tribe_ticket_not_going_count":"","_tribe_tickets_list":"[]","_tribe_ticket_has_attendee_info_fields":false,"footnotes":"","_tec_slr_enabled":"","_tec_slr_layout":""},"class_list":["post-13460","page","type-page","status-publish","hentry"],"acf":[],"ticketed":false,"_links":{"self":[{"href":"https:\/\/www.hidro.ro\/en\/wp-json\/wp\/v2\/pages\/13460","targetHints":{"allow":["GET"]}}],"collection":[{"href":"https:\/\/www.hidro.ro\/en\/wp-json\/wp\/v2\/pages"}],"about":[{"href":"https:\/\/www.hidro.ro\/en\/wp-json\/wp\/v2\/types\/page"}],"author":[{"embeddable":true,"href":"https:\/\/www.hidro.ro\/en\/wp-json\/wp\/v2\/users\/3"}],"replies":[{"embeddable":true,"href":"https:\/\/www.hidro.ro\/en\/wp-json\/wp\/v2\/comments?post=13460"}],"version-history":[{"count":2,"href":"https:\/\/www.hidro.ro\/en\/wp-json\/wp\/v2\/pages\/13460\/revisions"}],"predecessor-version":[{"id":13462,"href":"https:\/\/www.hidro.ro\/en\/wp-json\/wp\/v2\/pages\/13460\/revisions\/13462"}],"wp:attachment":[{"href":"https:\/\/www.hidro.ro\/en\/wp-json\/wp\/v2\/media?parent=13460"}],"curies":[{"name":"wp","href":"https:\/\/api.w.org\/{rel}","templated":true}]}}