{"id":13457,"date":"2022-12-19T16:48:02","date_gmt":"2022-12-19T16:48:02","guid":{"rendered":"http:\/\/82.78.133.10\/?page_id=13457"},"modified":"2022-12-19T16:48:42","modified_gmt":"2022-12-19T16:48:42","slug":"planurile-de-management-al-riscului-la-inundatii","status":"publish","type":"page","link":"https:\/\/www.hidro.ro\/en\/planurile-de-management-al-riscului-la-inundatii\/","title":{"rendered":"Planurile de management al riscului la inunda\u021bii"},"content":{"rendered":"<div class=\"wpb-content-wrapper\"><div class=\"vc_row wpb_row row top-row wpb_custom_034b39d9bc6c6b310d69e39f0ccf274f\"><div class=\"vc_column_container col-md-12\"><div class=\"wpb_wrapper vc_column-inner\">\r\n\t<div class=\"wpb_text_column wpb_content_element wpb_custom_7c91d232724f73626cc933bd95b25ff0\" >\r\n\t\t<div class=\"wpb_wrapper\">\r\n\t\t\t<p>\u00cen conformitate cu Legea nr. 52\/2003 privind transparen\u0163a decizional\u0103 \u00een administra\u0163ia public\u0103, Ministerul Mediului, Apelor \u015fi P\u0103durilor cu contribu\u01abia Institutului Na\u01abional de Hidrologie \u0219i Gospod\u0103rire a Apelor supune dezbaterii publice documentul\u00a0<strong>Planul de Management al riscului la Inundatii \u2013 Draft.<\/strong><\/p>\n<p>Cet\u0103\u0163enii \u015fi institu\u0163iile interesate pot transmite opinii \/ propuneri \/ sugestii p\u00e2n\u0103 la data de 15 decembrie 2015, la Ministerul Mediului, Apelor \u015fi P\u0103durilor, Direc\u0163ia Managementul Riscului la Inunda\u021bii \u0219i Siguran\u021ba Barajelor, la adresa de e-mail: directiainundatii@gmail.com (persoan\u0103 de contact: Doamna Simona Olimpia\u00a0<strong>NEGRU\u00a0<\/strong>\u2013 Director Direc\u0163ia Managementul Riscului la Inunda\u021bii \u0219i Siguran\u021ba Barajelor) \u0219i la Institutul Na\u01abional de Hidrologie \u0219i Gospod\u0103rire a Apelor, la adresa de e-mail: bogdan.ion@hidro.ro (persoan\u0103 de contact: Domnul Bogdan Mirel\u00a0<b>ION<\/b>\u00a0\u2013 Sec\u01abia Planuri de Amenajare a Bazinelor Hidrografice).<\/p>\n\r\n\t\t<\/div>\r\n\t<\/div>\r\n<\/div><\/div><\/div><div class=\"vc_row wpb_row row top-row wpb_custom_034b39d9bc6c6b310d69e39f0ccf274f\"><div class=\"vc_column_container col-md-12\"><div class=\"wpb_wrapper vc_column-inner\">\n<div class=\"vc_grid-container-wrapper vc_clearfix vc_grid-animation-fadeIn\">\n\t<div class=\"vc_grid-container vc_clearfix wpb_content_element vc_basic_grid\" data-initial-loading-animation=\"fadeIn\" data-vc-grid-settings=\"{&quot;page_id&quot;:13457,&quot;style&quot;:&quot;all&quot;,&quot;action&quot;:&quot;vc_get_vc_grid_data&quot;,&quot;shortcode_id&quot;:&quot;1671468070132-32b06e24-60fb-8&quot;,&quot;tag&quot;:&quot;vc_basic_grid&quot;}\" data-vc-request=\"https:\/\/www.hidro.ro\/wp-admin\/admin-ajax.php\" data-vc-post-id=\"13457\" data-vc-public-nonce=\"54857575f6\">\n\t\t<style data-type=\"vc_shortcodes-custom-css\">.vc_custom_1419240516480{background-color: #f9f9f9 !important;}<\/style><div class=\"vc_grid vc_row vc_grid-gutter-30px vc_pageable-wrapper vc_hook_hover\" data-vc-pageable-content=\"true\"><div class=\"vc_pageable-slide-wrapper vc_clearfix\" data-vc-grid-content=\"true\"><div class=\"vc_grid-item vc_clearfix vc_col-sm-12 vc_grid-item-zone-c-bottom\"><div class=\"vc_grid-item-mini vc_clearfix\"><div class=\"vc_gitem-animated-block\" ><\/div><div class=\"vc_gitem-zone vc_gitem-zone-c vc_custom_1419240516480\"><div class=\"vc_gitem-zone-mini\"><div class=\"vc_gitem_row vc_row vc_gitem-row-position-top\"><div class=\"vc_col-sm-12 vc_gitem-col vc_gitem-col-align-\"><div class=\"vc_custom_heading vc_gitem-post-data vc_gitem-post-data-source-post_title\" ><h4 style=\"text-align: left\" ><a href=\"https:\/\/www.hidro.ro\/en\/planul-de-management-al-riscului-la-inundatii-somes-tisa\/\" class=\"vc_gitem-link\" title=\"Planul de management al riscului la inunda\u021bii Some\u0219-Tisa\">Planul de management al riscului la inunda\u021bii Some\u0219-Tisa<\/a><\/h4><\/div><\/div><\/div><\/div><\/div><\/div><div class=\"vc_clearfix\"><\/div><\/div><div class=\"vc_grid-item vc_clearfix vc_col-sm-12 vc_grid-item-zone-c-bottom\"><div class=\"vc_grid-item-mini vc_clearfix\"><div class=\"vc_gitem-animated-block\" ><\/div><div class=\"vc_gitem-zone vc_gitem-zone-c vc_custom_1419240516480\"><div class=\"vc_gitem-zone-mini\"><div class=\"vc_gitem_row vc_row vc_gitem-row-position-top\"><div class=\"vc_col-sm-12 vc_gitem-col vc_gitem-col-align-\"><div class=\"vc_custom_heading vc_gitem-post-data vc_gitem-post-data-source-post_title\" ><h4 style=\"text-align: left\" ><a href=\"https:\/\/www.hidro.ro\/en\/planul-de-management-al-riscului-la-inundatii-crisuri\/\" class=\"vc_gitem-link\" title=\"Planul de management al riscului la inunda\u021bii Cri\u0219uri\">Planul de management al riscului la inunda\u021bii Cri\u0219uri<\/a><\/h4><\/div><\/div><\/div><\/div><\/div><\/div><div class=\"vc_clearfix\"><\/div><\/div><div class=\"vc_grid-item vc_clearfix vc_col-sm-12 vc_grid-item-zone-c-bottom\"><div class=\"vc_grid-item-mini vc_clearfix\"><div class=\"vc_gitem-animated-block\" ><\/div><div class=\"vc_gitem-zone vc_gitem-zone-c vc_custom_1419240516480\"><div class=\"vc_gitem-zone-mini\"><div class=\"vc_gitem_row vc_row vc_gitem-row-position-top\"><div class=\"vc_col-sm-12 vc_gitem-col vc_gitem-col-align-\"><div class=\"vc_custom_heading vc_gitem-post-data vc_gitem-post-data-source-post_title\" ><h4 style=\"text-align: left\" ><a href=\"https:\/\/www.hidro.ro\/en\/planul-de-management-al-riscului-la-inundatii-mures\/\" class=\"vc_gitem-link\" title=\"Planul de management al riscului la inunda\u021bii Mure\u0219\">Planul de management al riscului la inunda\u021bii Mure\u0219<\/a><\/h4><\/div><\/div><\/div><\/div><\/div><\/div><div class=\"vc_clearfix\"><\/div><\/div><div class=\"vc_grid-item vc_clearfix vc_col-sm-12 vc_grid-item-zone-c-bottom\"><div class=\"vc_grid-item-mini vc_clearfix\"><div class=\"vc_gitem-animated-block\" ><\/div><div class=\"vc_gitem-zone vc_gitem-zone-c vc_custom_1419240516480\"><div class=\"vc_gitem-zone-mini\"><div class=\"vc_gitem_row vc_row vc_gitem-row-position-top\"><div class=\"vc_col-sm-12 vc_gitem-col vc_gitem-col-align-\"><div class=\"vc_custom_heading vc_gitem-post-data vc_gitem-post-data-source-post_title\" ><h4 style=\"text-align: left\" ><a href=\"https:\/\/www.hidro.ro\/en\/planul-de-management-al-riscului-la-inundatii-banat\/\" class=\"vc_gitem-link\" title=\"Planul de management al riscului la inunda\u021bii Banat\">Planul de management al riscului la inunda\u021bii Banat<\/a><\/h4><\/div><\/div><\/div><\/div><\/div><\/div><div class=\"vc_clearfix\"><\/div><\/div><div class=\"vc_grid-item vc_clearfix vc_col-sm-12 vc_grid-item-zone-c-bottom\"><div class=\"vc_grid-item-mini vc_clearfix\"><div class=\"vc_gitem-animated-block\" ><\/div><div class=\"vc_gitem-zone vc_gitem-zone-c vc_custom_1419240516480\"><div class=\"vc_gitem-zone-mini\"><div class=\"vc_gitem_row vc_row vc_gitem-row-position-top\"><div class=\"vc_col-sm-12 vc_gitem-col vc_gitem-col-align-\"><div class=\"vc_custom_heading vc_gitem-post-data vc_gitem-post-data-source-post_title\" ><h4 style=\"text-align: left\" ><a href=\"https:\/\/www.hidro.ro\/en\/planul-de-management-al-riscului-la-inundatii-jiu\/\" class=\"vc_gitem-link\" title=\"Planul de management al riscului la inunda\u021bii Jiu\">Planul de management al riscului la inunda\u021bii Jiu<\/a><\/h4><\/div><\/div><\/div><\/div><\/div><\/div><div class=\"vc_clearfix\"><\/div><\/div><div class=\"vc_grid-item vc_clearfix vc_col-sm-12 vc_grid-item-zone-c-bottom\"><div class=\"vc_grid-item-mini vc_clearfix\"><div class=\"vc_gitem-animated-block\" ><\/div><div class=\"vc_gitem-zone vc_gitem-zone-c vc_custom_1419240516480\"><div class=\"vc_gitem-zone-mini\"><div class=\"vc_gitem_row vc_row vc_gitem-row-position-top\"><div class=\"vc_col-sm-12 vc_gitem-col vc_gitem-col-align-\"><div class=\"vc_custom_heading vc_gitem-post-data vc_gitem-post-data-source-post_title\" ><h4 style=\"text-align: left\" ><a href=\"https:\/\/www.hidro.ro\/en\/planul-de-management-al-riscului-la-inundatii-olt\/\" class=\"vc_gitem-link\" title=\"Planul de management al riscului la inunda\u021bii Olt\">Planul de management al riscului la inunda\u021bii Olt<\/a><\/h4><\/div><\/div><\/div><\/div><\/div><\/div><div class=\"vc_clearfix\"><\/div><\/div><div class=\"vc_grid-item vc_clearfix vc_col-sm-12 vc_grid-item-zone-c-bottom\"><div class=\"vc_grid-item-mini vc_clearfix\"><div class=\"vc_gitem-animated-block\" ><\/div><div class=\"vc_gitem-zone vc_gitem-zone-c vc_custom_1419240516480\"><div class=\"vc_gitem-zone-mini\"><div class=\"vc_gitem_row vc_row vc_gitem-row-position-top\"><div class=\"vc_col-sm-12 vc_gitem-col vc_gitem-col-align-\"><div class=\"vc_custom_heading vc_gitem-post-data vc_gitem-post-data-source-post_title\" ><h4 style=\"text-align: left\" ><a href=\"https:\/\/www.hidro.ro\/en\/planul-de-management-al-riscului-la-inundatii-arges-vedea\/\" class=\"vc_gitem-link\" title=\"Planul de management al riscului la inunda\u021bii Arge\u0219-Vedea\">Planul de management al riscului la inunda\u021bii Arge\u0219-Vedea<\/a><\/h4><\/div><\/div><\/div><\/div><\/div><\/div><div class=\"vc_clearfix\"><\/div><\/div><div class=\"vc_grid-item vc_clearfix vc_col-sm-12 vc_grid-item-zone-c-bottom\"><div class=\"vc_grid-item-mini vc_clearfix\"><div class=\"vc_gitem-animated-block\" ><\/div><div class=\"vc_gitem-zone vc_gitem-zone-c vc_custom_1419240516480\"><div class=\"vc_gitem-zone-mini\"><div class=\"vc_gitem_row vc_row vc_gitem-row-position-top\"><div class=\"vc_col-sm-12 vc_gitem-col vc_gitem-col-align-\"><div class=\"vc_custom_heading vc_gitem-post-data vc_gitem-post-data-source-post_title\" ><h4 style=\"text-align: left\" ><a href=\"https:\/\/www.hidro.ro\/en\/planul-de-management-al-riscului-la-inundatii-buzau-ialomita\/\" class=\"vc_gitem-link\" title=\"Planul de management al riscului la inunda\u021bii Buz\u0103u Ialomi\u021ba\">Planul de management al riscului la inunda\u021bii Buz\u0103u Ialomi\u021ba<\/a><\/h4><\/div><\/div><\/div><\/div><\/div><\/div><div class=\"vc_clearfix\"><\/div><\/div><div class=\"vc_grid-item vc_clearfix vc_col-sm-12 vc_grid-item-zone-c-bottom\"><div class=\"vc_grid-item-mini vc_clearfix\"><div class=\"vc_gitem-animated-block\" ><\/div><div class=\"vc_gitem-zone vc_gitem-zone-c vc_custom_1419240516480\"><div class=\"vc_gitem-zone-mini\"><div class=\"vc_gitem_row vc_row vc_gitem-row-position-top\"><div class=\"vc_col-sm-12 vc_gitem-col vc_gitem-col-align-\"><div class=\"vc_custom_heading vc_gitem-post-data vc_gitem-post-data-source-post_title\" ><h4 style=\"text-align: left\" ><a href=\"https:\/\/www.hidro.ro\/en\/planul-de-management-al-riscului-la-inundatii-siret\/\" class=\"vc_gitem-link\" title=\"Planul de management al riscului la inunda\u021bii Siret\">Planul de management al riscului la inunda\u021bii Siret<\/a><\/h4><\/div><\/div><\/div><\/div><\/div><\/div><div class=\"vc_clearfix\"><\/div><\/div><div class=\"vc_grid-item vc_clearfix vc_col-sm-12 vc_grid-item-zone-c-bottom\"><div class=\"vc_grid-item-mini vc_clearfix\"><div class=\"vc_gitem-animated-block\" ><\/div><div class=\"vc_gitem-zone vc_gitem-zone-c vc_custom_1419240516480\"><div class=\"vc_gitem-zone-mini\"><div class=\"vc_gitem_row vc_row vc_gitem-row-position-top\"><div class=\"vc_col-sm-12 vc_gitem-col vc_gitem-col-align-\"><div class=\"vc_custom_heading vc_gitem-post-data vc_gitem-post-data-source-post_title\" ><h4 style=\"text-align: left\" ><a href=\"https:\/\/www.hidro.ro\/en\/planul-de-management-al-riscului-la-inundatii-prut-barlad\/\" class=\"vc_gitem-link\" title=\"Planul de management al riscului la inunda\u021bii Prut B\u00e2rlad\">Planul de management al riscului la inunda\u021bii Prut B\u00e2rlad<\/a><\/h4><\/div><\/div><\/div><\/div><\/div><\/div><div class=\"vc_clearfix\"><\/div><\/div><div class=\"vc_grid-item vc_clearfix vc_col-sm-12 vc_grid-item-zone-c-bottom\"><div class=\"vc_grid-item-mini vc_clearfix\"><div class=\"vc_gitem-animated-block\" ><\/div><div class=\"vc_gitem-zone vc_gitem-zone-c vc_custom_1419240516480\"><div class=\"vc_gitem-zone-mini\"><div class=\"vc_gitem_row vc_row vc_gitem-row-position-top\"><div class=\"vc_col-sm-12 vc_gitem-col vc_gitem-col-align-\"><div class=\"vc_custom_heading vc_gitem-post-data vc_gitem-post-data-source-post_title\" ><h4 style=\"text-align: left\" ><a href=\"https:\/\/www.hidro.ro\/en\/planul-de-management-al-riscului-la-inundatii-dobrogea-litoral\/\" class=\"vc_gitem-link\" title=\"Planul de management al riscului la inunda\u021bii Dobrogea Litoral\">Planul de management al riscului la inunda\u021bii Dobrogea Litoral<\/a><\/h4><\/div><\/div><\/div><\/div><\/div><\/div><div class=\"vc_clearfix\"><\/div><\/div><div class=\"vc_grid-item vc_clearfix vc_col-sm-12 vc_grid-item-zone-c-bottom\"><div class=\"vc_grid-item-mini vc_clearfix\"><div class=\"vc_gitem-animated-block\" ><\/div><div class=\"vc_gitem-zone vc_gitem-zone-c vc_custom_1419240516480\"><div class=\"vc_gitem-zone-mini\"><div class=\"vc_gitem_row vc_row vc_gitem-row-position-top\"><div class=\"vc_col-sm-12 vc_gitem-col vc_gitem-col-align-\"><div class=\"vc_custom_heading vc_gitem-post-data vc_gitem-post-data-source-post_title\" ><h4 style=\"text-align: left\" ><a href=\"https:\/\/www.hidro.ro\/en\/planul-de-management-al-riscului-la-inundatii-dunare\/\" class=\"vc_gitem-link\" title=\"Planul de management al riscului la inunda\u021bii Dunare\">Planul de management al riscului la inunda\u021bii Dunare<\/a><\/h4><\/div><\/div><\/div><\/div><\/div><\/div><div class=\"vc_clearfix\"><\/div><\/div><div class=\"vc_grid-item vc_clearfix vc_col-sm-12 vc_grid-item-zone-c-bottom\"><div class=\"vc_grid-item-mini vc_clearfix\"><div class=\"vc_gitem-animated-block\" ><\/div><div class=\"vc_gitem-zone vc_gitem-zone-c vc_custom_1419240516480\"><div class=\"vc_gitem-zone-mini\"><div class=\"vc_gitem_row vc_row vc_gitem-row-position-top\"><div class=\"vc_col-sm-12 vc_gitem-col vc_gitem-col-align-\"><div class=\"vc_custom_heading vc_gitem-post-data vc_gitem-post-data-source-post_title\" ><h4 style=\"text-align: left\" ><a href=\"https:\/\/www.hidro.ro\/en\/planul-de-management-al-riscului-la-inundatii-dunare-icpdr\/\" class=\"vc_gitem-link\" title=\"Planul de management al riscului la inundatii Dunare &#8211; ICPDR\">Planul de management al riscului la inundatii Dunare &#8211; ICPDR<\/a><\/h4><\/div><\/div><\/div><\/div><\/div><\/div><div class=\"vc_clearfix\"><\/div><\/div><\/div><\/div>\n\t<\/div>\n<\/div><\/div><\/div><\/div>\n<\/div>","protected":false},"excerpt":{"rendered":"\u00cen conformitate cu Legea nr. 52\/2003 privind transparen\u0163a decizional\u0103 \u00een administra\u0163ia public\u0103, Ministerul Mediului, Apelor \u015fi P\u0103durilor cu contribu\u01abia Institutului Na\u01abional de Hidrologie \u0219i Gospod\u0103rire a Apelor supune dezbaterii publice [...]","protected":false},"author":3,"featured_media":0,"parent":0,"menu_order":0,"comment_status":"closed","ping_status":"closed","template":"","meta":{"_acf_changed":false,"_price":"","_stock":"","_tribe_ticket_header":"","_tribe_default_ticket_provider":"","_tribe_ticket_capacity":"0","_ticket_start_date":"","_ticket_end_date":"","_tribe_ticket_show_description":"","_tribe_ticket_show_not_going":false,"_tribe_ticket_use_global_stock":"","_tribe_ticket_global_stock_level":"","_global_stock_mode":"","_global_stock_cap":"","_tribe_rsvp_for_event":"","_tribe_ticket_going_count":"","_tribe_ticket_not_going_count":"","_tribe_tickets_list":"[]","_tribe_ticket_has_attendee_info_fields":false,"footnotes":"","_tec_slr_enabled":"","_tec_slr_layout":""},"class_list":["post-13457","page","type-page","status-publish","hentry"],"acf":[],"ticketed":false,"_links":{"self":[{"href":"https:\/\/www.hidro.ro\/en\/wp-json\/wp\/v2\/pages\/13457","targetHints":{"allow":["GET"]}}],"collection":[{"href":"https:\/\/www.hidro.ro\/en\/wp-json\/wp\/v2\/pages"}],"about":[{"href":"https:\/\/www.hidro.ro\/en\/wp-json\/wp\/v2\/types\/page"}],"author":[{"embeddable":true,"href":"https:\/\/www.hidro.ro\/en\/wp-json\/wp\/v2\/users\/3"}],"replies":[{"embeddable":true,"href":"https:\/\/www.hidro.ro\/en\/wp-json\/wp\/v2\/comments?post=13457"}],"version-history":[{"count":2,"href":"https:\/\/www.hidro.ro\/en\/wp-json\/wp\/v2\/pages\/13457\/revisions"}],"predecessor-version":[{"id":13459,"href":"https:\/\/www.hidro.ro\/en\/wp-json\/wp\/v2\/pages\/13457\/revisions\/13459"}],"wp:attachment":[{"href":"https:\/\/www.hidro.ro\/en\/wp-json\/wp\/v2\/media?parent=13457"}],"curies":[{"name":"wp","href":"https:\/\/api.w.org\/{rel}","templated":true}]}}